{"id":4373,"date":"2016-11-03T21:17:03","date_gmt":"2016-11-03T23:17:03","guid":{"rendered":"http:\/\/localhost\/HotelNorteBlu\/?page_id=4373"},"modified":"2024-02-05T05:57:55","modified_gmt":"2024-02-05T08:57:55","slug":"o-hotel","status":"publish","type":"page","link":"https:\/\/hotelnorteblu.com.br\/?page_id=4373","title":{"rendered":"O Hotel"},"content":{"rendered":"\t\t<div data-elementor-type=\"wp-page\" data-elementor-id=\"4373\" class=\"elementor elementor-4373\" data-elementor-post-type=\"page\">\n\t\t\t\t\t\t<section class=\"elementor-section elementor-top-section elementor-element elementor-element-721c4218 elementor-section-boxed elementor-section-height-default elementor-section-height-default\" data-id=\"721c4218\" data-element_type=\"section\" data-e-type=\"section\">\n\t\t\t\t\t\t<div class=\"elementor-container elementor-column-gap-default\">\n\t\t\t\t\t<div class=\"elementor-column elementor-col-100 elementor-top-column elementor-element elementor-element-51bf858d\" data-id=\"51bf858d\" data-element_type=\"column\" data-e-type=\"column\">\n\t\t\t<div class=\"elementor-widget-wrap elementor-element-populated\">\n\t\t\t\t\t\t<div class=\"elementor-element elementor-element-46240f4a elementor-widget elementor-widget-text-editor\" data-id=\"46240f4a\" data-element_type=\"widget\" data-e-type=\"widget\" data-widget_type=\"text-editor.default\">\n\t\t\t\t<div class=\"elementor-widget-container\">\n\t\t\t\t\t\t\t\t\t<p><b>Localiza\u00e7\u00e3o<\/b><\/p><p>O Norteblu Hotel est\u00e1 situado na Rua Victor Voigt, 35, em ponto estrat\u00e9gico: a 300 metros das principais rodovias, e perto do NORTE SHOPPING, pontos tur\u00edsticos, restaurantes e \u00e1reas de lazer.<\/p><p><b>Higiene e Meio Ambiente<\/b><\/p><p>Pensando no meio ambiente e acompanhando a tend\u00eancia econ\u00f4mica e nossa voca\u00e7\u00e3o racional, adotamos como norma padr\u00e3o, a troca de toalhas a cada 3 dias. Mas se voc\u00ea optar pela troca em outro per\u00edodo de tempo, basta nos avisar.<\/p><p>\u00a0<\/p><p><b>Caf\u00e9 da Manh\u00e3<\/b><\/p><p>Para melhor nos adequarmos ao protocolo de seguran\u00e7a durante a pandemia, nosso caf\u00e9 da manh\u00e3 agora \u00e9 servido no quarto, entre 6h30 e 9h. Escolha o hor\u00e1rio que lhe conv\u00e9m e desfrute desse conforto.<\/p><p>\u00a0<\/p><p><b>Diferencial<\/b><\/p><p>As op\u00e7\u00f5es de hospedagem trazem solu\u00e7\u00f5es pr\u00e1ticas e econ\u00f4micas que favorecem a conveni\u00eancia de cada hospede. Mas nosso grande diferencial \u00e9 o atendimento. Nossos profissionais est\u00e3o sempre dispon\u00edveis para fazer com que voc\u00ea e sua fam\u00edlia sintam-se em casa. Hospede-se no NorteBlu, voc\u00ea vai encontrar o melhor ambiente para sua estada em Blumenau..<\/p>\t\t\t\t\t\t\t\t<\/div>\n\t\t\t\t<\/div>\n\t\t\t\t<div class=\"elementor-element elementor-element-1cf6f08 elementor-widget elementor-widget-gallery\" data-id=\"1cf6f08\" data-element_type=\"widget\" data-e-type=\"widget\" data-settings=\"{&quot;gallery_layout&quot;:&quot;grid&quot;,&quot;columns&quot;:4,&quot;columns_tablet&quot;:2,&quot;columns_mobile&quot;:1,&quot;gap&quot;:{&quot;unit&quot;:&quot;px&quot;,&quot;size&quot;:10,&quot;sizes&quot;:[]},&quot;gap_tablet&quot;:{&quot;unit&quot;:&quot;px&quot;,&quot;size&quot;:10,&quot;sizes&quot;:[]},&quot;gap_mobile&quot;:{&quot;unit&quot;:&quot;px&quot;,&quot;size&quot;:10,&quot;sizes&quot;:[]},&quot;link_to&quot;:&quot;file&quot;,&quot;aspect_ratio&quot;:&quot;3:2&quot;,&quot;content_hover_animation&quot;:&quot;fade-in&quot;}\" data-widget_type=\"gallery.default\">\n\t\t\t\t<div class=\"elementor-widget-container\">\n\t\t\t\t\t\t\t<div class=\"elementor-gallery__container\">\n\t\t\t\t\t\t\t<a class=\"e-gallery-item elementor-gallery-item elementor-animated-content\" href=\"https:\/\/hotelnorteblu.com.br\/wp-content\/uploads\/2016\/11\/03.jpg\" data-elementor-open-lightbox=\"yes\" data-elementor-lightbox-slideshow=\"1cf6f08\" data-elementor-lightbox-title=\"Quarto 1\" data-e-action-hash=\"#elementor-action%3Aaction%3Dlightbox%26settings%3DeyJpZCI6NDQ5OSwidXJsIjoiaHR0cHM6XC9cL2hvdGVsbm9ydGVibHUuY29tLmJyXC93cC1jb250ZW50XC91cGxvYWRzXC8yMDE2XC8xMVwvMDMuanBnIiwic2xpZGVzaG93IjoiMWNmNmYwOCJ9\">\n\t\t\t\t\t<div class=\"e-gallery-image elementor-gallery-item__image\" data-thumbnail=\"https:\/\/hotelnorteblu.com.br\/wp-content\/uploads\/2016\/11\/03-300x134.jpg\" data-width=\"300\" data-height=\"134\" aria-label=\"\" role=\"img\" ><\/div>\n\t\t\t\t\t\t\t\t\t\t\t\t\t\t<\/a>\n\t\t\t\t\t\t\t<a class=\"e-gallery-item elementor-gallery-item elementor-animated-content\" href=\"https:\/\/hotelnorteblu.com.br\/wp-content\/uploads\/2016\/11\/06.jpg\" data-elementor-open-lightbox=\"yes\" data-elementor-lightbox-slideshow=\"1cf6f08\" data-elementor-lightbox-title=\"Quarto 2\" data-e-action-hash=\"#elementor-action%3Aaction%3Dlightbox%26settings%3DeyJpZCI6NDUwMiwidXJsIjoiaHR0cHM6XC9cL2hvdGVsbm9ydGVibHUuY29tLmJyXC93cC1jb250ZW50XC91cGxvYWRzXC8yMDE2XC8xMVwvMDYuanBnIiwic2xpZGVzaG93IjoiMWNmNmYwOCJ9\">\n\t\t\t\t\t<div class=\"e-gallery-image elementor-gallery-item__image\" data-thumbnail=\"https:\/\/hotelnorteblu.com.br\/wp-content\/uploads\/2016\/11\/06-300x243.jpg\" data-width=\"300\" data-height=\"243\" aria-label=\"\" role=\"img\" ><\/div>\n\t\t\t\t\t\t\t\t\t\t\t\t\t\t<\/a>\n\t\t\t\t\t\t\t<a class=\"e-gallery-item elementor-gallery-item elementor-animated-content\" href=\"https:\/\/hotelnorteblu.com.br\/wp-content\/uploads\/2016\/11\/apresentacao2.jpg\" data-elementor-open-lightbox=\"yes\" data-elementor-lightbox-slideshow=\"1cf6f08\" data-elementor-lightbox-title=\"Quarto 5\" data-e-action-hash=\"#elementor-action%3Aaction%3Dlightbox%26settings%3DeyJpZCI6NDUzOCwidXJsIjoiaHR0cHM6XC9cL2hvdGVsbm9ydGVibHUuY29tLmJyXC93cC1jb250ZW50XC91cGxvYWRzXC8yMDE2XC8xMVwvYXByZXNlbnRhY2FvMi5qcGciLCJzbGlkZXNob3ciOiIxY2Y2ZjA4In0%3D\">\n\t\t\t\t\t<div class=\"e-gallery-image elementor-gallery-item__image\" data-thumbnail=\"https:\/\/hotelnorteblu.com.br\/wp-content\/uploads\/2016\/11\/apresentacao2-300x220.jpg\" data-width=\"300\" data-height=\"220\" aria-label=\"\" role=\"img\" ><\/div>\n\t\t\t\t\t\t\t\t\t\t\t\t\t\t<\/a>\n\t\t\t\t\t\t\t<a class=\"e-gallery-item elementor-gallery-item elementor-animated-content\" href=\"https:\/\/hotelnorteblu.com.br\/wp-content\/uploads\/2016\/11\/suite-individual.jpg\" data-elementor-open-lightbox=\"yes\" data-elementor-lightbox-slideshow=\"1cf6f08\" data-elementor-lightbox-title=\"Suite Individual\" data-e-action-hash=\"#elementor-action%3Aaction%3Dlightbox%26settings%3DeyJpZCI6NDUzNSwidXJsIjoiaHR0cHM6XC9cL2hvdGVsbm9ydGVibHUuY29tLmJyXC93cC1jb250ZW50XC91cGxvYWRzXC8yMDE2XC8xMVwvc3VpdGUtaW5kaXZpZHVhbC5qcGciLCJzbGlkZXNob3ciOiIxY2Y2ZjA4In0%3D\">\n\t\t\t\t\t<div class=\"e-gallery-image elementor-gallery-item__image\" data-thumbnail=\"https:\/\/hotelnorteblu.com.br\/wp-content\/uploads\/2016\/11\/suite-individual-300x220.jpg\" data-width=\"300\" data-height=\"220\" aria-label=\"\" role=\"img\" ><\/div>\n\t\t\t\t\t\t\t\t\t\t\t\t\t\t<\/a>\n\t\t\t\t\t\t\t<a class=\"e-gallery-item elementor-gallery-item elementor-animated-content\" href=\"https:\/\/hotelnorteblu.com.br\/wp-content\/uploads\/2016\/11\/Quarto_triplo.jpg\" data-elementor-open-lightbox=\"yes\" data-elementor-lightbox-slideshow=\"1cf6f08\" data-elementor-lightbox-title=\"Quarto triplo\" data-e-action-hash=\"#elementor-action%3Aaction%3Dlightbox%26settings%3DeyJpZCI6NDU5MywidXJsIjoiaHR0cHM6XC9cL2hvdGVsbm9ydGVibHUuY29tLmJyXC93cC1jb250ZW50XC91cGxvYWRzXC8yMDE2XC8xMVwvUXVhcnRvX3RyaXBsby5qcGciLCJzbGlkZXNob3ciOiIxY2Y2ZjA4In0%3D\">\n\t\t\t\t\t<div class=\"e-gallery-image elementor-gallery-item__image\" data-thumbnail=\"https:\/\/hotelnorteblu.com.br\/wp-content\/uploads\/2016\/11\/Quarto_triplo-300x153.jpg\" data-width=\"300\" data-height=\"153\" aria-label=\"\" role=\"img\" ><\/div>\n\t\t\t\t\t\t\t\t\t\t\t\t\t\t<\/a>\n\t\t\t\t\t\t\t<a class=\"e-gallery-item elementor-gallery-item elementor-animated-content\" href=\"https:\/\/hotelnorteblu.com.br\/wp-content\/uploads\/2024\/02\/WhatsApp-Image-2024-02-02-at-11.03.001.jpeg\" data-elementor-open-lightbox=\"yes\" data-elementor-lightbox-slideshow=\"1cf6f08\" data-elementor-lightbox-title=\"WhatsApp Image 2024-02-02 at 11.03.00(1)\" data-e-action-hash=\"#elementor-action%3Aaction%3Dlightbox%26settings%3DeyJpZCI6NDk0MCwidXJsIjoiaHR0cHM6XC9cL2hvdGVsbm9ydGVibHUuY29tLmJyXC93cC1jb250ZW50XC91cGxvYWRzXC8yMDI0XC8wMlwvV2hhdHNBcHAtSW1hZ2UtMjAyNC0wMi0wMi1hdC0xMS4wMy4wMDEuanBlZyIsInNsaWRlc2hvdyI6IjFjZjZmMDgifQ%3D%3D\">\n\t\t\t\t\t<div class=\"e-gallery-image elementor-gallery-item__image\" data-thumbnail=\"https:\/\/hotelnorteblu.com.br\/wp-content\/uploads\/2024\/02\/WhatsApp-Image-2024-02-02-at-11.03.001-224x300.jpeg\" data-width=\"224\" data-height=\"300\" aria-label=\"\" role=\"img\" ><\/div>\n\t\t\t\t\t\t\t\t\t\t\t\t\t\t<\/a>\n\t\t\t\t\t\t\t<a class=\"e-gallery-item elementor-gallery-item elementor-animated-content\" href=\"https:\/\/hotelnorteblu.com.br\/wp-content\/uploads\/2024\/02\/WhatsApp-Image-2024-02-02-at-11.05.11.jpeg\" data-elementor-open-lightbox=\"yes\" data-elementor-lightbox-slideshow=\"1cf6f08\" data-elementor-lightbox-title=\"WhatsApp Image 2024-02-02 at 11.05.11\" data-e-action-hash=\"#elementor-action%3Aaction%3Dlightbox%26settings%3DeyJpZCI6NDkzOSwidXJsIjoiaHR0cHM6XC9cL2hvdGVsbm9ydGVibHUuY29tLmJyXC93cC1jb250ZW50XC91cGxvYWRzXC8yMDI0XC8wMlwvV2hhdHNBcHAtSW1hZ2UtMjAyNC0wMi0wMi1hdC0xMS4wNS4xMS5qcGVnIiwic2xpZGVzaG93IjoiMWNmNmYwOCJ9\">\n\t\t\t\t\t<div class=\"e-gallery-image elementor-gallery-item__image\" data-thumbnail=\"https:\/\/hotelnorteblu.com.br\/wp-content\/uploads\/2024\/02\/WhatsApp-Image-2024-02-02-at-11.05.11-300x200.jpeg\" data-width=\"300\" data-height=\"200\" aria-label=\"\" role=\"img\" ><\/div>\n\t\t\t\t\t\t\t\t\t\t\t\t\t\t<\/a>\n\t\t\t\t\t\t\t<a class=\"e-gallery-item elementor-gallery-item elementor-animated-content\" href=\"https:\/\/hotelnorteblu.com.br\/wp-content\/uploads\/2024\/02\/WhatsApp-Image-2024-02-02-at-12.11.48.jpeg\" data-elementor-open-lightbox=\"yes\" data-elementor-lightbox-slideshow=\"1cf6f08\" data-elementor-lightbox-title=\"WhatsApp Image 2024-02-02 at 12.11.48\" data-e-action-hash=\"#elementor-action%3Aaction%3Dlightbox%26settings%3DeyJpZCI6NDkzOCwidXJsIjoiaHR0cHM6XC9cL2hvdGVsbm9ydGVibHUuY29tLmJyXC93cC1jb250ZW50XC91cGxvYWRzXC8yMDI0XC8wMlwvV2hhdHNBcHAtSW1hZ2UtMjAyNC0wMi0wMi1hdC0xMi4xMS40OC5qcGVnIiwic2xpZGVzaG93IjoiMWNmNmYwOCJ9\">\n\t\t\t\t\t<div class=\"e-gallery-image elementor-gallery-item__image\" data-thumbnail=\"https:\/\/hotelnorteblu.com.br\/wp-content\/uploads\/2024\/02\/WhatsApp-Image-2024-02-02-at-12.11.48-300x138.jpeg\" data-width=\"300\" data-height=\"138\" aria-label=\"\" role=\"img\" ><\/div>\n\t\t\t\t\t\t\t\t\t\t\t\t\t\t<\/a>\n\t\t\t\t\t<\/div>\n\t\t\t\t\t<\/div>\n\t\t\t\t<\/div>\n\t\t\t\t\t<\/div>\n\t\t<\/div>\n\t\t\t\t\t<\/div>\n\t\t<\/section>\n\t\t\t\t<section class=\"elementor-section elementor-top-section elementor-element elementor-element-16b88f4 elementor-section-boxed elementor-section-height-default elementor-section-height-default\" data-id=\"16b88f4\" data-element_type=\"section\" data-e-type=\"section\">\n\t\t\t\t\t\t<div class=\"elementor-container elementor-column-gap-default\">\n\t\t\t\t\t<div class=\"elementor-column elementor-col-100 elementor-top-column elementor-element elementor-element-df4a9e4\" data-id=\"df4a9e4\" data-element_type=\"column\" data-e-type=\"column\">\n\t\t\t<div class=\"elementor-widget-wrap\">\n\t\t\t\t\t\t\t<\/div>\n\t\t<\/div>\n\t\t\t\t\t<\/div>\n\t\t<\/section>\n\t\t\t\t<\/div>\n\t\t","protected":false},"excerpt":{"rendered":"<p>Localiza\u00e7\u00e3o O Norteblu Hotel est\u00e1 situado na Rua Victor Voigt, 35, em ponto estrat\u00e9gico: a 300 metros das principais rodovias, e perto do NORTE SHOPPING, pontos tur\u00edsticos, restaurantes e \u00e1reas de lazer. Higiene e Meio Ambiente Pensando no meio ambiente e acompanhando a tend\u00eancia econ\u00f4mica e nossa voca\u00e7\u00e3o racional, adotamos como norma padr\u00e3o, a troca&#8230; <\/p>\n<div class=\"clear\"><\/div>\n<p><a href=\"https:\/\/hotelnorteblu.com.br\/?page_id=4373\" class=\"excerpt-read-more\">Continue Reading<i class=\"fa fa-long-arrow-right icon-long-arrow-right\"><\/i><\/a><\/p>\n","protected":false},"author":1,"featured_media":0,"parent":0,"menu_order":0,"comment_status":"closed","ping_status":"closed","template":"","meta":{"footnotes":""},"class_list":["post-4373","page","type-page","status-publish","hentry"],"_links":{"self":[{"href":"https:\/\/hotelnorteblu.com.br\/index.php?rest_route=\/wp\/v2\/pages\/4373","targetHints":{"allow":["GET"]}}],"collection":[{"href":"https:\/\/hotelnorteblu.com.br\/index.php?rest_route=\/wp\/v2\/pages"}],"about":[{"href":"https:\/\/hotelnorteblu.com.br\/index.php?rest_route=\/wp\/v2\/types\/page"}],"author":[{"embeddable":true,"href":"https:\/\/hotelnorteblu.com.br\/index.php?rest_route=\/wp\/v2\/users\/1"}],"replies":[{"embeddable":true,"href":"https:\/\/hotelnorteblu.com.br\/index.php?rest_route=%2Fwp%2Fv2%2Fcomments&post=4373"}],"version-history":[{"count":10,"href":"https:\/\/hotelnorteblu.com.br\/index.php?rest_route=\/wp\/v2\/pages\/4373\/revisions"}],"predecessor-version":[{"id":4944,"href":"https:\/\/hotelnorteblu.com.br\/index.php?rest_route=\/wp\/v2\/pages\/4373\/revisions\/4944"}],"wp:attachment":[{"href":"https:\/\/hotelnorteblu.com.br\/index.php?rest_route=%2Fwp%2Fv2%2Fmedia&parent=4373"}],"curies":[{"name":"wp","href":"https:\/\/api.w.org\/{rel}","templated":true}]}}